{"id":16,"date":"2023-03-31T06:53:15","date_gmt":"2023-03-31T04:53:15","guid":{"rendered":"http:\/\/mayottebitume.yt\/?page_id=16"},"modified":"2023-04-03T05:25:46","modified_gmt":"2023-04-03T03:25:46","slug":"accueil","status":"publish","type":"page","link":"https:\/\/mayottebitume.yt\/","title":{"rendered":""},"content":{"rendered":"\n<div class=\"wp-block-media-text alignwide is-stacked-on-mobile\" style=\"grid-template-columns:69% auto\"><figure class=\"wp-block-media-text__media\"><img loading=\"lazy\" decoding=\"async\" width=\"612\" height=\"408\" src=\"http:\/\/mayottebitume.yt\/wp-content\/uploads\/2023\/03\/istockphoto-1196434198-612x612-1.jpg\" alt=\"\" class=\"wp-image-17 size-full\" srcset=\"https:\/\/mayottebitume.yt\/wp-content\/uploads\/2023\/03\/istockphoto-1196434198-612x612-1.jpg 612w, https:\/\/mayottebitume.yt\/wp-content\/uploads\/2023\/03\/istockphoto-1196434198-612x612-1-300x200.jpg 300w\" sizes=\"auto, (max-width: 612px) 100vw, 612px\" \/><\/figure><div class=\"wp-block-media-text__content\">\n<p class=\"has-cyan-bluish-gray-color has-text-color has-medium-font-size\"><strong>Mayotte Bitume,<\/strong><\/p>\n\n\n\n<p class=\"has-cyan-bluish-gray-color has-text-color has-medium-font-size\"><strong>soci\u00e9t\u00e9 ind\u00e9pendante d\u00e9di\u00e9 \u00e0 l&#8217;am\u00e9lioration des routes de Mayotte<\/strong><\/p>\n<\/div><\/div>\n\n\n\n<p class=\"has-medium-font-size\"><\/p>\n\n\n\n<div class=\"wp-block-media-text alignwide has-media-on-the-right is-stacked-on-mobile\"><div class=\"wp-block-media-text__content\">\n<p class=\"has-cyan-bluish-gray-color has-text-color has-medium-font-size\"><strong>DEVIS GRATUIT<\/strong><\/p>\n\n\n\n<p><\/p>\n\n\n\n<p class=\"has-cyan-bluish-gray-color has-text-color has-large-font-size\"><strong>contact@mayottebitume.yt<\/strong><\/p>\n<\/div><figure class=\"wp-block-media-text__media\"><img loading=\"lazy\" decoding=\"async\" width=\"728\" height=\"352\" src=\"http:\/\/mayottebitume.yt\/wp-content\/uploads\/2023\/03\/goudronnage_terrassement-1.jpg\" alt=\"\" class=\"wp-image-29 size-full\" srcset=\"https:\/\/mayottebitume.yt\/wp-content\/uploads\/2023\/03\/goudronnage_terrassement-1.jpg 728w, https:\/\/mayottebitume.yt\/wp-content\/uploads\/2023\/03\/goudronnage_terrassement-1-300x145.jpg 300w\" sizes=\"auto, (max-width: 728px) 100vw, 728px\" \/><\/figure><\/div>\n\n\n\n<div class=\"wp-block-media-text alignwide is-stacked-on-mobile\"><figure class=\"wp-block-media-text__media\"><img loading=\"lazy\" decoding=\"async\" width=\"1024\" height=\"683\" src=\"http:\/\/mayottebitume.yt\/wp-content\/uploads\/2023\/03\/afw_150-2-1024x683.jpg\" alt=\"\" class=\"wp-image-31 size-full\" srcset=\"https:\/\/mayottebitume.yt\/wp-content\/uploads\/2023\/03\/afw_150-2-1024x683.jpg 1024w, https:\/\/mayottebitume.yt\/wp-content\/uploads\/2023\/03\/afw_150-2-300x200.jpg 300w, https:\/\/mayottebitume.yt\/wp-content\/uploads\/2023\/03\/afw_150-2-768x512.jpg 768w, https:\/\/mayottebitume.yt\/wp-content\/uploads\/2023\/03\/afw_150-2.jpg 1349w\" sizes=\"auto, (max-width: 1024px) 100vw, 1024px\" \/><\/figure><div class=\"wp-block-media-text__content\">\n<p class=\"has-cyan-bluish-gray-color has-text-color\" style=\"font-size:23px\">Mise en place de Bicouche et d\u2019enrob\u00e9<\/p>\n\n\n\n<p class=\"has-cyan-bluish-gray-color has-text-color\" style=\"font-size:23px\">Parking<\/p>\n\n\n\n<p class=\"has-cyan-bluish-gray-color has-text-color\" style=\"font-size:23px\">Trottoirs<\/p>\n\n\n\n<p class=\"has-cyan-bluish-gray-color has-text-color\" style=\"font-size:23px\">Rebouchage de tranch\u00e9e<\/p>\n\n\n\n<p class=\"has-cyan-bluish-gray-color has-text-color\" style=\"font-size:23px\">Pr\u00e9paration fond de forme<\/p>\n\n\n\n<p class=\"has-cyan-bluish-gray-color has-text-color\" style=\"font-size:23px\">Sciage de sol<\/p>\n\n\n\n<p class=\"has-cyan-bluish-gray-color has-text-color\" style=\"font-size:23px\">Cour priv\u00e9e<\/p>\n<\/div><\/div>\n\n\n\n<figure class=\"wp-block-gallery has-nested-images columns-default is-cropped wp-block-gallery-1 is-layout-flex wp-block-gallery-is-layout-flex\">\n<figure class=\"wp-block-image size-large\"><img loading=\"lazy\" decoding=\"async\" width=\"1024\" height=\"576\" data-id=\"35\" src=\"http:\/\/mayottebitume.yt\/wp-content\/uploads\/2023\/03\/maxresdefault-1024x576.jpg\" alt=\"\" class=\"wp-image-35\" srcset=\"https:\/\/mayottebitume.yt\/wp-content\/uploads\/2023\/03\/maxresdefault-1024x576.jpg 1024w, https:\/\/mayottebitume.yt\/wp-content\/uploads\/2023\/03\/maxresdefault-300x169.jpg 300w, https:\/\/mayottebitume.yt\/wp-content\/uploads\/2023\/03\/maxresdefault-768x432.jpg 768w, https:\/\/mayottebitume.yt\/wp-content\/uploads\/2023\/03\/maxresdefault-760x427.jpg 760w, https:\/\/mayottebitume.yt\/wp-content\/uploads\/2023\/03\/maxresdefault.jpg 1280w\" sizes=\"auto, (max-width: 1024px) 100vw, 1024px\" \/><\/figure>\n\n\n\n<figure class=\"wp-block-image size-large\"><img loading=\"lazy\" decoding=\"async\" width=\"369\" height=\"136\" data-id=\"36\" src=\"http:\/\/mayottebitume.yt\/wp-content\/uploads\/2023\/03\/images.jpg\" alt=\"\" class=\"wp-image-36\" srcset=\"https:\/\/mayottebitume.yt\/wp-content\/uploads\/2023\/03\/images.jpg 369w, https:\/\/mayottebitume.yt\/wp-content\/uploads\/2023\/03\/images-300x111.jpg 300w, https:\/\/mayottebitume.yt\/wp-content\/uploads\/2023\/03\/images-365x136.jpg 365w\" sizes=\"auto, (max-width: 369px) 100vw, 369px\" \/><\/figure>\n\n\n\n<figure class=\"wp-block-image size-large\"><img loading=\"lazy\" decoding=\"async\" width=\"275\" height=\"183\" data-id=\"37\" src=\"http:\/\/mayottebitume.yt\/wp-content\/uploads\/2023\/03\/images-8-1.jpg\" alt=\"\" class=\"wp-image-37\"\/><\/figure>\n\n\n\n<figure class=\"wp-block-image size-large\"><img loading=\"lazy\" decoding=\"async\" width=\"236\" height=\"213\" data-id=\"38\" src=\"http:\/\/mayottebitume.yt\/wp-content\/uploads\/2023\/03\/images-7.jpg\" alt=\"\" class=\"wp-image-38\"\/><\/figure>\n\n\n\n<figure class=\"wp-block-image size-large\"><img loading=\"lazy\" decoding=\"async\" width=\"403\" height=\"125\" data-id=\"41\" src=\"http:\/\/mayottebitume.yt\/wp-content\/uploads\/2023\/03\/images-4.jpg\" alt=\"\" class=\"wp-image-41\" srcset=\"https:\/\/mayottebitume.yt\/wp-content\/uploads\/2023\/03\/images-4.jpg 403w, https:\/\/mayottebitume.yt\/wp-content\/uploads\/2023\/03\/images-4-300x93.jpg 300w\" sizes=\"auto, (max-width: 403px) 100vw, 403px\" \/><\/figure>\n\n\n\n<figure class=\"wp-block-image size-large\"><img loading=\"lazy\" decoding=\"async\" width=\"259\" height=\"195\" data-id=\"39\" src=\"http:\/\/mayottebitume.yt\/wp-content\/uploads\/2023\/03\/images-6-1.jpg\" alt=\"\" class=\"wp-image-39\"\/><\/figure>\n\n\n\n<figure class=\"wp-block-image size-large\"><img loading=\"lazy\" decoding=\"async\" width=\"276\" height=\"183\" data-id=\"40\" src=\"http:\/\/mayottebitume.yt\/wp-content\/uploads\/2023\/03\/images-5.jpg\" alt=\"\" class=\"wp-image-40\"\/><\/figure>\n\n\n\n<figure class=\"wp-block-image size-large\"><img loading=\"lazy\" decoding=\"async\" width=\"275\" height=\"183\" data-id=\"45\" src=\"http:\/\/mayottebitume.yt\/wp-content\/uploads\/2023\/03\/images-1-1.jpg\" alt=\"\" class=\"wp-image-45\"\/><\/figure>\n\n\n\n<figure class=\"wp-block-image size-large\"><img loading=\"lazy\" decoding=\"async\" width=\"300\" height=\"168\" data-id=\"42\" src=\"http:\/\/mayottebitume.yt\/wp-content\/uploads\/2023\/03\/images-3.jpg\" alt=\"\" class=\"wp-image-42\"\/><\/figure>\n\n\n\n<figure class=\"wp-block-image size-large\"><img loading=\"lazy\" decoding=\"async\" width=\"275\" height=\"183\" data-id=\"44\" src=\"http:\/\/mayottebitume.yt\/wp-content\/uploads\/2023\/03\/images-1.jpg\" alt=\"\" class=\"wp-image-44\"\/><\/figure>\n\n\n\n<figure class=\"wp-block-image size-large\"><img loading=\"lazy\" decoding=\"async\" width=\"267\" height=\"189\" data-id=\"43\" src=\"http:\/\/mayottebitume.yt\/wp-content\/uploads\/2023\/03\/images-2.jpg\" alt=\"\" class=\"wp-image-43\"\/><\/figure>\n\n\n\n<figure class=\"wp-block-image size-large\"><img loading=\"lazy\" decoding=\"async\" width=\"1024\" height=\"576\" data-id=\"46\" src=\"http:\/\/mayottebitume.yt\/wp-content\/uploads\/2023\/03\/CUINET-Amenagement-cour-bicouche-2-1024x576.jpg\" alt=\"\" class=\"wp-image-46\" srcset=\"https:\/\/mayottebitume.yt\/wp-content\/uploads\/2023\/03\/CUINET-Amenagement-cour-bicouche-2-1024x576.jpg 1024w, https:\/\/mayottebitume.yt\/wp-content\/uploads\/2023\/03\/CUINET-Amenagement-cour-bicouche-2-300x169.jpg 300w, https:\/\/mayottebitume.yt\/wp-content\/uploads\/2023\/03\/CUINET-Amenagement-cour-bicouche-2-768x432.jpg 768w, https:\/\/mayottebitume.yt\/wp-content\/uploads\/2023\/03\/CUINET-Amenagement-cour-bicouche-2-760x427.jpg 760w, https:\/\/mayottebitume.yt\/wp-content\/uploads\/2023\/03\/CUINET-Amenagement-cour-bicouche-2.jpg 1480w\" sizes=\"auto, (max-width: 1024px) 100vw, 1024px\" \/><\/figure>\n\n\n\n<figure class=\"wp-block-image size-large\"><img loading=\"lazy\" decoding=\"async\" width=\"720\" height=\"960\" data-id=\"47\" src=\"http:\/\/mayottebitume.yt\/wp-content\/uploads\/2023\/03\/45284ffc-5001-4033-b8ea-f1c16f5fa0bc-1600.jpg\" alt=\"\" class=\"wp-image-47\" srcset=\"https:\/\/mayottebitume.yt\/wp-content\/uploads\/2023\/03\/45284ffc-5001-4033-b8ea-f1c16f5fa0bc-1600.jpg 720w, https:\/\/mayottebitume.yt\/wp-content\/uploads\/2023\/03\/45284ffc-5001-4033-b8ea-f1c16f5fa0bc-1600-225x300.jpg 225w\" sizes=\"auto, (max-width: 720px) 100vw, 720px\" \/><\/figure>\n<\/figure>\n\n\n\n<p style=\"font-size:12px\"><em>Photos et illustrations non contractuelles<\/em><\/p>\n\n\n\n<div class=\"wp-block-media-text alignwide is-stacked-on-mobile\" style=\"grid-template-columns:29% auto\"><figure class=\"wp-block-media-text__media\"><img loading=\"lazy\" decoding=\"async\" width=\"612\" height=\"504\" src=\"http:\/\/mayottebitume.yt\/wp-content\/uploads\/2023\/03\/istockphoto-177370583-612x612-1.jpg\" alt=\"\" class=\"wp-image-23 size-full\" srcset=\"https:\/\/mayottebitume.yt\/wp-content\/uploads\/2023\/03\/istockphoto-177370583-612x612-1.jpg 612w, https:\/\/mayottebitume.yt\/wp-content\/uploads\/2023\/03\/istockphoto-177370583-612x612-1-300x247.jpg 300w\" sizes=\"auto, (max-width: 612px) 100vw, 612px\" \/><\/figure><div class=\"wp-block-media-text__content\">\n<p class=\"has-cyan-bluish-gray-color has-text-color\" style=\"font-size:88px\"><strong>0639 695 499<\/strong><\/p>\n\n\n\n<p class=\"has-cyan-bluish-gray-color has-text-color\" style=\"font-size:48px\"><strong>0639 694 500 (<em>shimaore<\/em>)<\/strong><\/p>\n\n\n\n<p><\/p>\n\n\n\n<p class=\"has-cyan-bluish-gray-color has-text-color has-x-large-font-size\"><strong>contact@mayottebitume.yt<\/strong><\/p>\n<\/div><\/div>\n","protected":false},"excerpt":{"rendered":"<p>Mayotte Bitume, soci\u00e9t\u00e9 ind\u00e9pendante d\u00e9di\u00e9 \u00e0 l&#8217;am\u00e9lioration des routes de Mayotte DEVIS GRATUIT contact@mayottebitume.yt Mise &hellip; <\/p>\n","protected":false},"author":1,"featured_media":0,"parent":0,"menu_order":0,"comment_status":"closed","ping_status":"closed","template":"","meta":{"footnotes":""},"class_list":["post-16","page","type-page","status-publish","hentry"],"_links":{"self":[{"href":"https:\/\/mayottebitume.yt\/index.php\/wp-json\/wp\/v2\/pages\/16","targetHints":{"allow":["GET"]}}],"collection":[{"href":"https:\/\/mayottebitume.yt\/index.php\/wp-json\/wp\/v2\/pages"}],"about":[{"href":"https:\/\/mayottebitume.yt\/index.php\/wp-json\/wp\/v2\/types\/page"}],"author":[{"embeddable":true,"href":"https:\/\/mayottebitume.yt\/index.php\/wp-json\/wp\/v2\/users\/1"}],"replies":[{"embeddable":true,"href":"https:\/\/mayottebitume.yt\/index.php\/wp-json\/wp\/v2\/comments?post=16"}],"version-history":[{"count":8,"href":"https:\/\/mayottebitume.yt\/index.php\/wp-json\/wp\/v2\/pages\/16\/revisions"}],"predecessor-version":[{"id":52,"href":"https:\/\/mayottebitume.yt\/index.php\/wp-json\/wp\/v2\/pages\/16\/revisions\/52"}],"wp:attachment":[{"href":"https:\/\/mayottebitume.yt\/index.php\/wp-json\/wp\/v2\/media?parent=16"}],"curies":[{"name":"wp","href":"https:\/\/api.w.org\/{rel}","templated":true}]}}